{"id":9646,"date":"2025-07-14T16:13:02","date_gmt":"2025-07-14T14:13:02","guid":{"rendered":"https:\/\/nathalie.art\/?page_id=9646"},"modified":"2025-08-06T22:32:05","modified_gmt":"2025-08-06T20:32:05","slug":"language","status":"publish","type":"page","link":"https:\/\/nathalie.art\/es\/language\/","title":{"rendered":"Idioma"},"content":{"rendered":"<div data-elementor-type=\"wp-page\" data-elementor-id=\"9646\" class=\"elementor elementor-9646\" data-elementor-post-type=\"page\">\n\t\t\t\t<div class=\"elementor-element elementor-element-2cd1836 e-flex e-con-boxed e-con e-parent\" data-id=\"2cd1836\" data-element_type=\"container\">\n\t\t\t\t\t<div class=\"e-con-inner\">\n\t\t<div class=\"elementor-element elementor-element-97b1517 e-con-full e-flex e-con e-child\" data-id=\"97b1517\" data-element_type=\"container\">\n\t\t\t\t<div class=\"elementor-element elementor-element-d1d5620 elementor-widget elementor-widget-heading\" data-id=\"d1d5620\" data-element_type=\"widget\" data-widget_type=\"heading.default\">\n\t\t\t\t<div class=\"elementor-widget-container\">\n\t\t\t\t\t<h3 class=\"elementor-heading-title elementor-size-default\">Idioma<\/h3>\t\t\t\t<\/div>\n\t\t\t\t<\/div>\n\t\t\t\t<div class=\"elementor-element elementor-element-ace3374 elementor-widget elementor-widget-heading\" data-id=\"ace3374\" data-element_type=\"widget\" data-widget_type=\"heading.default\">\n\t\t\t\t<div class=\"elementor-widget-container\">\n\t\t\t\t\t<h3 class=\"elementor-heading-title elementor-size-default\">La mayor\u00eda de las traducciones de este sitio web son autom\u00e1ticas.\nPueden producirse algunas incoherencias.<\/h3>\t\t\t\t<\/div>\n\t\t\t\t<\/div>\n\t\t\t\t<\/div>\n\t\t<div class=\"elementor-element elementor-element-1bddcf0 e-con-full e-flex e-con e-child\" data-id=\"1bddcf0\" data-element_type=\"container\">\n\t\t<div class=\"elementor-element elementor-element-ee2b043 e-con-full e-flex e-con e-child\" data-id=\"ee2b043\" data-element_type=\"container\">\n\t\t\t\t<div class=\"elementor-element elementor-element-4fced2b elementor-widget elementor-widget-image\" data-id=\"4fced2b\" data-element_type=\"widget\" data-widget_type=\"image.default\">\n\t\t\t\t<div class=\"elementor-widget-container\">\n\t\t\t\t\t\t\t\t\t\t\t\t\t\t\t\t<a href=\"https:\/\/nathalie.art\/en\/language\/\">\n\t\t\t\t\t\t\t<img loading=\"lazy\" decoding=\"async\" width=\"292\" height=\"200\" src=\"https:\/\/nathalie.art\/site\/wp-content\/uploads\/2025\/07\/band-UK.png\" class=\"attachment-thumbnail size-thumbnail wp-image-10286\" alt=\"\" srcset=\"https:\/\/nathalie.art\/site\/wp-content\/uploads\/2025\/07\/band-UK.png 292w, https:\/\/nathalie.art\/site\/wp-content\/uploads\/2025\/07\/band-UK-18x12.png 18w\" sizes=\"auto, (max-width: 292px) 100vw, 292px\" \/>\t\t\t\t\t\t\t\t<\/a>\n\t\t\t\t\t\t\t\t\t\t\t\t\t\t\t<\/div>\n\t\t\t\t<\/div>\n\t\t\t\t<div class=\"elementor-element elementor-element-77ff34c elementor-widget elementor-widget-heading\" data-id=\"77ff34c\" data-element_type=\"widget\" data-widget_type=\"heading.default\">\n\t\t\t\t<div class=\"elementor-widget-container\">\n\t\t\t\t\t<h2 class=\"elementor-heading-title elementor-size-default\"><a href=\"https:\/\/nathalie.art\/en\/language\/\">Ingl\u00e9s\n<\/a><\/h2>\t\t\t\t<\/div>\n\t\t\t\t<\/div>\n\t\t\t\t<\/div>\n\t\t<div class=\"elementor-element elementor-element-39cb74b e-con-full e-flex e-con e-child\" data-id=\"39cb74b\" data-element_type=\"container\">\n\t\t\t\t<div class=\"elementor-element elementor-element-19eccaf elementor-widget elementor-widget-image\" data-id=\"19eccaf\" data-element_type=\"widget\" data-widget_type=\"image.default\">\n\t\t\t\t<div class=\"elementor-widget-container\">\n\t\t\t\t\t\t\t\t\t\t\t\t\t\t\t\t<a href=\"https:\/\/nathalie.art\/de\/language\/\">\n\t\t\t\t\t\t\t<img loading=\"lazy\" decoding=\"async\" width=\"292\" height=\"200\" src=\"https:\/\/nathalie.art\/site\/wp-content\/uploads\/2025\/07\/band-alemanha-2.png\" class=\"attachment-thumbnail size-thumbnail wp-image-10279\" alt=\"\" srcset=\"https:\/\/nathalie.art\/site\/wp-content\/uploads\/2025\/07\/band-alemanha-2.png 292w, https:\/\/nathalie.art\/site\/wp-content\/uploads\/2025\/07\/band-alemanha-2-18x12.png 18w\" sizes=\"auto, (max-width: 292px) 100vw, 292px\" \/>\t\t\t\t\t\t\t\t<\/a>\n\t\t\t\t\t\t\t\t\t\t\t\t\t\t\t<\/div>\n\t\t\t\t<\/div>\n\t\t\t\t<div class=\"elementor-element elementor-element-796cef6 elementor-widget elementor-widget-heading\" data-id=\"796cef6\" data-element_type=\"widget\" data-widget_type=\"heading.default\">\n\t\t\t\t<div class=\"elementor-widget-container\">\n\t\t\t\t\t<h2 class=\"elementor-heading-title elementor-size-default\"><a href=\"https:\/\/nathalie.art\/de\/language\/\">Deutsch<\/a><\/h2>\t\t\t\t<\/div>\n\t\t\t\t<\/div>\n\t\t\t\t<\/div>\n\t\t\t\t<\/div>\n\t\t<div class=\"elementor-element elementor-element-e78c970 e-con-full e-flex e-con e-child\" data-id=\"e78c970\" data-element_type=\"container\">\n\t\t<div class=\"elementor-element elementor-element-c7bcbad e-con-full e-flex e-con e-child\" data-id=\"c7bcbad\" data-element_type=\"container\">\n\t\t\t\t<div class=\"elementor-element elementor-element-0632202 elementor-widget elementor-widget-image\" data-id=\"0632202\" data-element_type=\"widget\" data-widget_type=\"image.default\">\n\t\t\t\t<div class=\"elementor-widget-container\">\n\t\t\t\t\t\t\t\t\t\t\t\t\t\t\t\t<a href=\"https:\/\/nathalie.art\/es\/language\/\">\n\t\t\t\t\t\t\t<img loading=\"lazy\" decoding=\"async\" width=\"450\" height=\"300\" src=\"https:\/\/nathalie.art\/site\/wp-content\/uploads\/2025\/07\/band-es-450x300.png\" class=\"attachment-thumbnail size-thumbnail wp-image-10282\" alt=\"\" srcset=\"https:\/\/nathalie.art\/site\/wp-content\/uploads\/2025\/07\/band-es-450x300.png 450w, https:\/\/nathalie.art\/site\/wp-content\/uploads\/2025\/07\/band-es-18x12.png 18w\" sizes=\"auto, (max-width: 450px) 100vw, 450px\" \/>\t\t\t\t\t\t\t\t<\/a>\n\t\t\t\t\t\t\t\t\t\t\t\t\t\t\t<\/div>\n\t\t\t\t<\/div>\n\t\t\t\t<div class=\"elementor-element elementor-element-ce3d061 elementor-widget elementor-widget-heading\" data-id=\"ce3d061\" data-element_type=\"widget\" data-widget_type=\"heading.default\">\n\t\t\t\t<div class=\"elementor-widget-container\">\n\t\t\t\t\t<h2 class=\"elementor-heading-title elementor-size-default\"><a href=\"https:\/\/nathalie.art\/es\/language\/\">English<\/a><\/h2>\t\t\t\t<\/div>\n\t\t\t\t<\/div>\n\t\t\t\t<\/div>\n\t\t<div class=\"elementor-element elementor-element-c576033 e-con-full e-flex e-con e-child\" data-id=\"c576033\" data-element_type=\"container\">\n\t\t\t\t<div class=\"elementor-element elementor-element-096e636 elementor-widget elementor-widget-image\" data-id=\"096e636\" data-element_type=\"widget\" data-widget_type=\"image.default\">\n\t\t\t\t<div class=\"elementor-widget-container\">\n\t\t\t\t\t\t\t\t\t\t\t\t\t\t\t\t<a href=\"https:\/\/nathalie.art\/fr\/language\/\">\n\t\t\t\t\t\t\t<img loading=\"lazy\" decoding=\"async\" width=\"292\" height=\"200\" src=\"https:\/\/nathalie.art\/site\/wp-content\/uploads\/2025\/07\/band-franca.png\" class=\"attachment-thumbnail size-thumbnail wp-image-10284\" alt=\"\" srcset=\"https:\/\/nathalie.art\/site\/wp-content\/uploads\/2025\/07\/band-franca.png 292w, https:\/\/nathalie.art\/site\/wp-content\/uploads\/2025\/07\/band-franca-18x12.png 18w\" sizes=\"auto, (max-width: 292px) 100vw, 292px\" \/>\t\t\t\t\t\t\t\t<\/a>\n\t\t\t\t\t\t\t\t\t\t\t\t\t\t\t<\/div>\n\t\t\t\t<\/div>\n\t\t\t\t<div class=\"elementor-element elementor-element-99c71c9 elementor-widget elementor-widget-heading\" data-id=\"99c71c9\" data-element_type=\"widget\" data-widget_type=\"heading.default\">\n\t\t\t\t<div class=\"elementor-widget-container\">\n\t\t\t\t\t<h2 class=\"elementor-heading-title elementor-size-default\"><a href=\"https:\/\/nathalie.art\/fr\/language\/\">Fran\u00e7ais<\/a><\/h2>\t\t\t\t<\/div>\n\t\t\t\t<\/div>\n\t\t\t\t<\/div>\n\t\t\t\t<\/div>\n\t\t<div class=\"elementor-element elementor-element-0d763c3 e-con-full e-flex e-con e-child\" data-id=\"0d763c3\" data-element_type=\"container\">\n\t\t<div class=\"elementor-element elementor-element-16615b7 e-con-full e-flex e-con e-child\" data-id=\"16615b7\" data-element_type=\"container\">\n\t\t\t\t<div class=\"elementor-element elementor-element-58e3aa8 elementor-widget elementor-widget-image\" data-id=\"58e3aa8\" data-element_type=\"widget\" data-widget_type=\"image.default\">\n\t\t\t\t<div class=\"elementor-widget-container\">\n\t\t\t\t\t\t\t\t\t\t\t\t\t\t\t\t<a href=\"https:\/\/nathalie.art\/pt\/language\/\">\n\t\t\t\t\t\t\t<img loading=\"lazy\" decoding=\"async\" width=\"293\" height=\"200\" src=\"https:\/\/nathalie.art\/site\/wp-content\/uploads\/2025\/07\/band-pt-br.png\" class=\"attachment-thumbnail size-thumbnail wp-image-10285\" alt=\"\" srcset=\"https:\/\/nathalie.art\/site\/wp-content\/uploads\/2025\/07\/band-pt-br.png 293w, https:\/\/nathalie.art\/site\/wp-content\/uploads\/2025\/07\/band-pt-br-18x12.png 18w\" sizes=\"auto, (max-width: 293px) 100vw, 293px\" \/>\t\t\t\t\t\t\t\t<\/a>\n\t\t\t\t\t\t\t\t\t\t\t\t\t\t\t<\/div>\n\t\t\t\t<\/div>\n\t\t\t\t<div class=\"elementor-element elementor-element-3c97abf elementor-widget elementor-widget-heading\" data-id=\"3c97abf\" data-element_type=\"widget\" data-widget_type=\"heading.default\">\n\t\t\t\t<div class=\"elementor-widget-container\">\n\t\t\t\t\t<h2 class=\"elementor-heading-title elementor-size-default\"><a href=\"https:\/\/nathalie.art\/pt\/language\/\">Portugu\u00eas<\/a><\/h2>\t\t\t\t<\/div>\n\t\t\t\t<\/div>\n\t\t\t\t<\/div>\n\t\t<div class=\"elementor-element elementor-element-7a79672 e-con-full e-flex e-con e-child\" data-id=\"7a79672\" data-element_type=\"container\">\n\t\t\t\t<div class=\"elementor-element elementor-element-b065761 elementor-widget elementor-widget-image\" data-id=\"b065761\" data-element_type=\"widget\" data-widget_type=\"image.default\">\n\t\t\t\t<div class=\"elementor-widget-container\">\n\t\t\t\t\t\t\t\t\t\t\t\t\t\t\t\t<a href=\"https:\/\/nathalie.art\/zh\/language\/\">\n\t\t\t\t\t\t\t<img loading=\"lazy\" decoding=\"async\" width=\"293\" height=\"200\" src=\"https:\/\/nathalie.art\/site\/wp-content\/uploads\/2025\/07\/band-china.png\" class=\"attachment-thumbnail size-thumbnail wp-image-10281\" alt=\"\" srcset=\"https:\/\/nathalie.art\/site\/wp-content\/uploads\/2025\/07\/band-china.png 293w, https:\/\/nathalie.art\/site\/wp-content\/uploads\/2025\/07\/band-china-18x12.png 18w\" sizes=\"auto, (max-width: 293px) 100vw, 293px\" \/>\t\t\t\t\t\t\t\t<\/a>\n\t\t\t\t\t\t\t\t\t\t\t\t\t\t\t<\/div>\n\t\t\t\t<\/div>\n\t\t\t\t<div class=\"elementor-element elementor-element-554c87a elementor-widget elementor-widget-heading\" data-id=\"554c87a\" data-element_type=\"widget\" data-widget_type=\"heading.default\">\n\t\t\t\t<div class=\"elementor-widget-container\">\n\t\t\t\t\t<h2 class=\"elementor-heading-title elementor-size-default\"><a href=\"https:\/\/nathalie.art\/zh\/language\/\">\u7b80\u4f53\u4e2d\u6587<\/a><\/h2>\t\t\t\t<\/div>\n\t\t\t\t<\/div>\n\t\t\t\t<\/div>\n\t\t\t\t<\/div>\n\t\t\t\t\t<\/div>\n\t\t\t\t<\/div>\n\t\t\t\t<\/div>","protected":false},"excerpt":{"rendered":"<p>Idioma La mayor\u00eda de las traducciones de este sitio web son autom\u00e1ticas. Pueden producirse algunas incoherencias. English Deutsch Espa\u00f1ol Fran\u00e7ais Portugu\u00eas \u7b80\u4f53\u4e2d\u6587<\/p>","protected":false},"author":5,"featured_media":0,"parent":0,"menu_order":0,"comment_status":"closed","ping_status":"closed","template":"elementor_header_footer","meta":{"footnotes":""},"categories":[1],"tags":[],"class_list":["post-9646","page","type-page","status-publish","hentry","category-general"],"yoast_head":"<!-- This site is optimized with the Yoast SEO plugin v25.6 - https:\/\/yoast.com\/wordpress\/plugins\/seo\/ -->\n<title>Language - NatHalie Braun Barends<\/title>\n<meta name=\"robots\" content=\"index, follow, max-snippet:-1, max-image-preview:large, max-video-preview:-1\" \/>\n<link rel=\"canonical\" href=\"https:\/\/nathalie.art\/es\/language\/\" \/>\n<meta property=\"og:locale\" content=\"es_ES\" \/>\n<meta property=\"og:type\" content=\"article\" \/>\n<meta property=\"og:title\" content=\"Language - NatHalie Braun Barends\" \/>\n<meta property=\"og:description\" content=\"Language Most translations on this website are automatic. Some inconsistencies may occur. English Deutsch Espa\u00f1ol Fran\u00e7ais Portugu\u00eas \u7b80\u4f53\u4e2d\u6587\" \/>\n<meta property=\"og:url\" content=\"https:\/\/nathalie.art\/es\/language\/\" \/>\n<meta property=\"og:site_name\" content=\"NatHalie Braun Barends\" \/>\n<meta property=\"article:modified_time\" content=\"2025-08-06T20:32:05+00:00\" \/>\n<meta property=\"og:image\" content=\"https:\/\/nathalie.art\/site\/wp-content\/uploads\/2025\/07\/band-UK.png\" \/>\n<meta name=\"twitter:card\" content=\"summary_large_image\" \/>\n<meta name=\"twitter:label1\" content=\"Tiempo de lectura\" \/>\n\t<meta name=\"twitter:data1\" content=\"2 minutos\" \/>\n<script type=\"application\/ld+json\" class=\"yoast-schema-graph\">{\"@context\":\"https:\/\/schema.org\",\"@graph\":[{\"@type\":\"WebPage\",\"@id\":\"https:\/\/nathalie.art\/language\/\",\"url\":\"https:\/\/nathalie.art\/language\/\",\"name\":\"Language - NatHalie Braun Barends\",\"isPartOf\":{\"@id\":\"https:\/\/nathalie.art\/#website\"},\"primaryImageOfPage\":{\"@id\":\"https:\/\/nathalie.art\/language\/#primaryimage\"},\"image\":{\"@id\":\"https:\/\/nathalie.art\/language\/#primaryimage\"},\"thumbnailUrl\":\"https:\/\/nathalie.art\/site\/wp-content\/uploads\/2025\/07\/band-UK.png\",\"datePublished\":\"2025-07-14T14:13:02+00:00\",\"dateModified\":\"2025-08-06T20:32:05+00:00\",\"breadcrumb\":{\"@id\":\"https:\/\/nathalie.art\/language\/#breadcrumb\"},\"inLanguage\":\"es\",\"potentialAction\":[{\"@type\":\"ReadAction\",\"target\":[\"https:\/\/nathalie.art\/language\/\"]}]},{\"@type\":\"ImageObject\",\"inLanguage\":\"es\",\"@id\":\"https:\/\/nathalie.art\/language\/#primaryimage\",\"url\":\"https:\/\/nathalie.art\/site\/wp-content\/uploads\/2025\/07\/band-UK.png\",\"contentUrl\":\"https:\/\/nathalie.art\/site\/wp-content\/uploads\/2025\/07\/band-UK.png\"},{\"@type\":\"BreadcrumbList\",\"@id\":\"https:\/\/nathalie.art\/language\/#breadcrumb\",\"itemListElement\":[{\"@type\":\"ListItem\",\"position\":1,\"name\":\"In\u00edcio\",\"item\":\"https:\/\/nathalie.art\/\"},{\"@type\":\"ListItem\",\"position\":2,\"name\":\"Language\"}]},{\"@type\":\"WebSite\",\"@id\":\"https:\/\/nathalie.art\/#website\",\"url\":\"https:\/\/nathalie.art\/\",\"name\":\"NatHalie Braun Barends\",\"description\":\"ART\",\"publisher\":{\"@id\":\"https:\/\/nathalie.art\/#organization\"},\"potentialAction\":[{\"@type\":\"SearchAction\",\"target\":{\"@type\":\"EntryPoint\",\"urlTemplate\":\"https:\/\/nathalie.art\/?s={search_term_string}\"},\"query-input\":{\"@type\":\"PropertyValueSpecification\",\"valueRequired\":true,\"valueName\":\"search_term_string\"}}],\"inLanguage\":\"es\"},{\"@type\":\"Organization\",\"@id\":\"https:\/\/nathalie.art\/#organization\",\"name\":\"NatHalie Braun Barends\",\"url\":\"https:\/\/nathalie.art\/\",\"logo\":{\"@type\":\"ImageObject\",\"inLanguage\":\"es\",\"@id\":\"https:\/\/nathalie.art\/#\/schema\/logo\/image\/\",\"url\":\"https:\/\/nathalie.art\/site\/wp-content\/uploads\/2025\/07\/cropped-nathalie-home-270px-1.png\",\"contentUrl\":\"https:\/\/nathalie.art\/site\/wp-content\/uploads\/2025\/07\/cropped-nathalie-home-270px-1.png\",\"width\":270,\"height\":270,\"caption\":\"NatHalie Braun Barends\"},\"image\":{\"@id\":\"https:\/\/nathalie.art\/#\/schema\/logo\/image\/\"}}]}<\/script>\n<!-- \/ Yoast SEO plugin. -->","yoast_head_json":{"title":"Lengua - NatHalie Braun Barends","robots":{"index":"index","follow":"follow","max-snippet":"max-snippet:-1","max-image-preview":"max-image-preview:large","max-video-preview":"max-video-preview:-1"},"canonical":"https:\/\/nathalie.art\/es\/language\/","og_locale":"es_ES","og_type":"article","og_title":"Language - NatHalie Braun Barends","og_description":"Language Most translations on this website are automatic. Some inconsistencies may occur. English Deutsch Espa\u00f1ol Fran\u00e7ais Portugu\u00eas \u7b80\u4f53\u4e2d\u6587","og_url":"https:\/\/nathalie.art\/es\/language\/","og_site_name":"NatHalie Braun Barends","article_modified_time":"2025-08-06T20:32:05+00:00","og_image":[{"url":"https:\/\/nathalie.art\/site\/wp-content\/uploads\/2025\/07\/band-UK.png","type":"","width":"","height":""}],"twitter_card":"summary_large_image","twitter_misc":{"Tiempo de lectura":"2 minutos"},"schema":{"@context":"https:\/\/schema.org","@graph":[{"@type":"WebPage","@id":"https:\/\/nathalie.art\/language\/","url":"https:\/\/nathalie.art\/language\/","name":"Lengua - NatHalie Braun Barends","isPartOf":{"@id":"https:\/\/nathalie.art\/#website"},"primaryImageOfPage":{"@id":"https:\/\/nathalie.art\/language\/#primaryimage"},"image":{"@id":"https:\/\/nathalie.art\/language\/#primaryimage"},"thumbnailUrl":"https:\/\/nathalie.art\/site\/wp-content\/uploads\/2025\/07\/band-UK.png","datePublished":"2025-07-14T14:13:02+00:00","dateModified":"2025-08-06T20:32:05+00:00","breadcrumb":{"@id":"https:\/\/nathalie.art\/language\/#breadcrumb"},"inLanguage":"es","potentialAction":[{"@type":"ReadAction","target":["https:\/\/nathalie.art\/language\/"]}]},{"@type":"ImageObject","inLanguage":"es","@id":"https:\/\/nathalie.art\/language\/#primaryimage","url":"https:\/\/nathalie.art\/site\/wp-content\/uploads\/2025\/07\/band-UK.png","contentUrl":"https:\/\/nathalie.art\/site\/wp-content\/uploads\/2025\/07\/band-UK.png"},{"@type":"BreadcrumbList","@id":"https:\/\/nathalie.art\/language\/#breadcrumb","itemListElement":[{"@type":"ListItem","position":1,"name":"In\u00edcio","item":"https:\/\/nathalie.art\/"},{"@type":"ListItem","position":2,"name":"Language"}]},{"@type":"WebSite","@id":"https:\/\/nathalie.art\/#website","url":"https:\/\/nathalie.art\/","name":"NatHalie Braun Barends","description":"ARTE","publisher":{"@id":"https:\/\/nathalie.art\/#organization"},"potentialAction":[{"@type":"SearchAction","target":{"@type":"EntryPoint","urlTemplate":"https:\/\/nathalie.art\/?s={search_term_string}"},"query-input":{"@type":"PropertyValueSpecification","valueRequired":true,"valueName":"search_term_string"}}],"inLanguage":"es"},{"@type":"Organization","@id":"https:\/\/nathalie.art\/#organization","name":"NatHalie Braun Barends","url":"https:\/\/nathalie.art\/","logo":{"@type":"ImageObject","inLanguage":"es","@id":"https:\/\/nathalie.art\/#\/schema\/logo\/image\/","url":"https:\/\/nathalie.art\/site\/wp-content\/uploads\/2025\/07\/cropped-nathalie-home-270px-1.png","contentUrl":"https:\/\/nathalie.art\/site\/wp-content\/uploads\/2025\/07\/cropped-nathalie-home-270px-1.png","width":270,"height":270,"caption":"NatHalie Braun Barends"},"image":{"@id":"https:\/\/nathalie.art\/#\/schema\/logo\/image\/"}}]}},"_links":{"self":[{"href":"https:\/\/nathalie.art\/es\/wp-json\/wp\/v2\/pages\/9646","targetHints":{"allow":["GET"]}}],"collection":[{"href":"https:\/\/nathalie.art\/es\/wp-json\/wp\/v2\/pages"}],"about":[{"href":"https:\/\/nathalie.art\/es\/wp-json\/wp\/v2\/types\/page"}],"author":[{"embeddable":true,"href":"https:\/\/nathalie.art\/es\/wp-json\/wp\/v2\/users\/5"}],"replies":[{"embeddable":true,"href":"https:\/\/nathalie.art\/es\/wp-json\/wp\/v2\/comments?post=9646"}],"version-history":[{"count":0,"href":"https:\/\/nathalie.art\/es\/wp-json\/wp\/v2\/pages\/9646\/revisions"}],"wp:attachment":[{"href":"https:\/\/nathalie.art\/es\/wp-json\/wp\/v2\/media?parent=9646"}],"wp:term":[{"taxonomy":"category","embeddable":true,"href":"https:\/\/nathalie.art\/es\/wp-json\/wp\/v2\/categories?post=9646"},{"taxonomy":"post_tag","embeddable":true,"href":"https:\/\/nathalie.art\/es\/wp-json\/wp\/v2\/tags?post=9646"}],"curies":[{"name":"wp","href":"https:\/\/api.w.org\/{rel}","templated":true}]}}