{"id":56,"date":"2025-05-06T15:16:09","date_gmt":"2025-05-06T18:16:09","guid":{"rendered":"https:\/\/pecorari-cloudbr722.pecoraricloud.com.br\/~nathalie\/?page_id=56"},"modified":"2025-07-16T20:55:44","modified_gmt":"2025-07-16T18:55:44","slug":"nathalie-braun-barends","status":"publish","type":"page","link":"https:\/\/nathalie.art\/fr\/nathalie-braun-barends\/","title":{"rendered":"NatHalie Braun Barends"},"content":{"rendered":"<div data-elementor-type=\"wp-page\" data-elementor-id=\"56\" class=\"elementor elementor-56\" data-elementor-post-type=\"page\">\n\t\t\t\t<div class=\"elementor-element elementor-element-bee5d77 e-flex e-con-boxed e-con e-parent\" data-id=\"bee5d77\" data-element_type=\"container\">\n\t\t\t\t\t<div class=\"e-con-inner\">\n\t\t\t\t<div class=\"elementor-element elementor-element-767dc32 elementor-widget elementor-widget-heading\" data-id=\"767dc32\" data-element_type=\"widget\" data-widget_type=\"heading.default\">\n\t\t\t\t<div class=\"elementor-widget-container\">\n\t\t\t\t\t<h2 class=\"elementor-heading-title elementor-size-default\">NatHalie Braun Barends<\/h2>\t\t\t\t<\/div>\n\t\t\t\t<\/div>\n\t\t<div class=\"elementor-element elementor-element-be9683a e-con-full e-flex e-con e-child\" data-id=\"be9683a\" data-element_type=\"container\">\n\t\t<div class=\"elementor-element elementor-element-0e46c55 e-con-full e-flex e-con e-child\" data-id=\"0e46c55\" data-element_type=\"container\">\n\t\t\t\t<div class=\"elementor-element elementor-element-3e1c243 elementor-widget elementor-widget-image\" data-id=\"3e1c243\" data-element_type=\"widget\" data-widget_type=\"image.default\">\n\t\t\t\t<div class=\"elementor-widget-container\">\n\t\t\t\t\t\t\t\t\t\t\t\t\t\t\t<img loading=\"lazy\" decoding=\"async\" width=\"800\" height=\"531\" src=\"https:\/\/nathalie.art\/site\/wp-content\/uploads\/2025\/05\/nathalie-braun-barends-2-1024x680.jpg\" class=\"attachment-large size-large wp-image-3641\" alt=\"\" srcset=\"https:\/\/nathalie.art\/site\/wp-content\/uploads\/2025\/05\/nathalie-braun-barends-2-1024x680.jpg 1024w, https:\/\/nathalie.art\/site\/wp-content\/uploads\/2025\/05\/nathalie-braun-barends-2-300x199.jpg 300w, https:\/\/nathalie.art\/site\/wp-content\/uploads\/2025\/05\/nathalie-braun-barends-2-768x510.jpg 768w, https:\/\/nathalie.art\/site\/wp-content\/uploads\/2025\/05\/nathalie-braun-barends-2-18x12.jpg 18w, https:\/\/nathalie.art\/site\/wp-content\/uploads\/2025\/05\/nathalie-braun-barends-2.jpg 1355w\" sizes=\"auto, (max-width: 800px) 100vw, 800px\" \/>\t\t\t\t\t\t\t\t\t\t\t\t\t\t\t<\/div>\n\t\t\t\t<\/div>\n\t\t\t\t<\/div>\n\t\t<div class=\"elementor-element elementor-element-721fabb e-con-full e-flex e-con e-child\" data-id=\"721fabb\" data-element_type=\"container\">\n\t\t\t\t<div class=\"elementor-element elementor-element-2eb3064 elementor-widget elementor-widget-text-editor\" data-id=\"2eb3064\" data-element_type=\"widget\" data-widget_type=\"text-editor.default\">\n\t\t\t\t<div class=\"elementor-widget-container\">\n\t\t\t\t\t\t\t\t\t<p>NatHalie Braun Barends est n\u00e9e en Allemagne et a grandi principalement au Br\u00e9sil et au Chili. Les \u00e9tapes importantes de sa carri\u00e8re artistique se sont d\u00e9roul\u00e9es dans diff\u00e9rentes r\u00e9gions du monde.<\/p><p>Elle a obtenu une ma\u00eetrise en communication et en art \u00e0 l'universit\u00e9 de Sao Paulo. Elle a \u00e9galement \u00e9tudi\u00e9 \u00e0 l'Instituto per l'Arte e Ristauro de Florence, a \u00e9t\u00e9 artiste en r\u00e9sidence au Banff Centre for International Art au Canada, a \u00e9t\u00e9 artiste invit\u00e9e \u00e0 l'Acad\u00e9mie des beaux-arts de Vienne et a particip\u00e9 \u00e0 un \u00e9change d'artistes \u00e0 l'Acad\u00e9mie des arts de Berlin.<\/p><p>L'un de ses centres d'int\u00e9r\u00eat artistique est le travail avec la lumi\u00e8re sous ses nombreuses formes. Elle travaille avec des pigments naturels et des pigments \u00e9mettant de la lumi\u00e8re, de nouveaux m\u00e9dias et des mat\u00e9riaux. Son art englobe \u00e9galement l'architecture et le design, et elle explore et cr\u00e9e des symboles.<\/p>\t\t\t\t\t\t\t\t<\/div>\n\t\t\t\t<\/div>\n\t\t\t\t<\/div>\n\t\t\t\t<\/div>\n\t\t<div class=\"elementor-element elementor-element-bfd0bae e-con-full e-flex e-con e-child\" data-id=\"bfd0bae\" data-element_type=\"container\">\n\t\t\t\t<div class=\"elementor-element elementor-element-1cc906b elementor-widget elementor-widget-text-editor\" data-id=\"1cc906b\" data-element_type=\"widget\" data-widget_type=\"text-editor.default\">\n\t\t\t\t<div class=\"elementor-widget-container\">\n\t\t\t\t\t\t\t\t\t<p>Il a notamment expos\u00e9 en solo au Goethe-Institut de S\u00e3o Paulo, au Centre culturel autrichien \"Palais Pallfy\", \u00e0 l'UNESCO \u00e0 Paris et dans divers mus\u00e9es d'art moderne \u00e0 Rio de Janeiro, Salvador et Recife, au Mus\u00e9e de l'image et du Som \u00e0 S\u00e3o Paulo, \u00e0 l'Expo de Hanovre, \u00e0 la Kunsthalle Mannheim, \u00e0 l'Art Basel Badischer Bahnhof, au Museo Nacional de Bellas Artes \u00e0 Santiago du Chili et au Museo de Arte Contempor\u00e1nea \u00e0 Valdivia, au Chili.<\/p><p>NatHalie Braun Barends a re\u00e7u le NY Art Commission Award pour son concept d'\u00e9clairage au PS1 Museum of Contemporary Art (MoMA) et a \u00e9t\u00e9 honor\u00e9e pour l'ensemble de sa carri\u00e8re par la Divine Acad\u00e9mie Fran\u00e7aise des Arts, Lettres et Culture, Paris.<\/p><p>L'\u0153uvre \"HBeing RP5\", expos\u00e9e \u00e0 Munich HIGHLIGHTS, est une repr\u00e9sentation visuelle du flux de la vie et des principes divins. Il s'agit de la premi\u00e8re \u0153uvre de l'artiste \u00e0 \u00eatre produite en tant que NFT. L'objectif n'est pas seulement de documenter l'authenticit\u00e9 de l'\u0153uvre, mais aussi de la pr\u00e9senter de mani\u00e8re vivante sous diff\u00e9rents \u00e9clairages et dans diff\u00e9rents lieux.<\/p>\t\t\t\t\t\t\t\t<\/div>\n\t\t\t\t<\/div>\n\t\t\t\t<\/div>\n\t\t\t\t<div class=\"elementor-element elementor-element-8b5d7a9 elementor-grid-2 elementor-grid-tablet-2 elementor-grid-mobile-1 elementor-widget elementor-widget-loop-grid\" data-id=\"8b5d7a9\" data-element_type=\"widget\" data-settings=\"{&quot;template_id&quot;:3172,&quot;columns&quot;:2,&quot;_skin&quot;:&quot;post&quot;,&quot;columns_tablet&quot;:&quot;2&quot;,&quot;columns_mobile&quot;:&quot;1&quot;,&quot;edit_handle_selector&quot;:&quot;[data-elementor-type=\\&quot;loop-item\\&quot;]&quot;,&quot;row_gap&quot;:{&quot;unit&quot;:&quot;px&quot;,&quot;size&quot;:&quot;&quot;,&quot;sizes&quot;:[]},&quot;row_gap_tablet&quot;:{&quot;unit&quot;:&quot;px&quot;,&quot;size&quot;:&quot;&quot;,&quot;sizes&quot;:[]},&quot;row_gap_mobile&quot;:{&quot;unit&quot;:&quot;px&quot;,&quot;size&quot;:&quot;&quot;,&quot;sizes&quot;:[]}}\" data-widget_type=\"loop-grid.post\">\n\t\t\t\t<div class=\"elementor-widget-container\">\n\t\t\t\t\t\t\t<div class=\"elementor-loop-container elementor-grid\" role=\"list\">\n\t\t<style id=\"loop-3172\">.elementor-3172 .elementor-element.elementor-element-d0ae4db{--display:flex;--gap:0px 0px;--row-gap:0px;--column-gap:0px;}.elementor-widget-theme-post-featured-image .widget-image-caption{color:var( --e-global-color-text );font-family:var( --e-global-typography-text-font-family ), Sans-serif;font-weight:var( --e-global-typography-text-font-weight );letter-spacing:var( --e-global-typography-text-letter-spacing );}.elementor-3172 .elementor-element.elementor-element-2346b5f:hover img{filter:brightness( 112% ) contrast( 100% ) saturate( 100% ) blur( 0px ) hue-rotate( 0deg );}.elementor-3172 .elementor-element.elementor-element-2346b5f img{transition-duration:0.5s;}.elementor-widget-theme-post-title .elementor-heading-title{font-family:var( --e-global-typography-primary-font-family ), Sans-serif;font-weight:var( --e-global-typography-primary-font-weight );line-height:var( --e-global-typography-primary-line-height );color:var( --e-global-color-primary );}.elementor-3172 .elementor-element.elementor-element-718efee > .elementor-widget-container{padding:10px 0px 0px 0px;}.elementor-3172 .elementor-element.elementor-element-718efee{text-align:center;}.elementor-3172 .elementor-element.elementor-element-718efee .elementor-heading-title{font-size:24px;font-weight:500;line-height:1.2em;color:var( --e-global-color-c0721fd );}@media(max-width:1024px){.elementor-3172 .elementor-element.elementor-element-d0ae4db{--margin-top:0px;--margin-bottom:00px;--margin-left:0px;--margin-right:0px;--padding-top:0px;--padding-bottom:0px;--padding-left:0px;--padding-right:0px;}.elementor-widget-theme-post-featured-image .widget-image-caption{letter-spacing:var( --e-global-typography-text-letter-spacing );}.elementor-widget-theme-post-title .elementor-heading-title{line-height:var( --e-global-typography-primary-line-height );}.elementor-3172 .elementor-element.elementor-element-718efee > .elementor-widget-container{padding:0px 0px 0px 0px;}.elementor-3172 .elementor-element.elementor-element-718efee .elementor-heading-title{font-size:28px;}}@media(max-width:767px){.elementor-widget-theme-post-featured-image .widget-image-caption{letter-spacing:var( --e-global-typography-text-letter-spacing );}.elementor-widget-theme-post-title .elementor-heading-title{line-height:var( --e-global-typography-primary-line-height );}}<\/style>\t\t<div data-elementor-type=\"loop-item\" data-elementor-id=\"3172\" class=\"elementor elementor-3172 e-loop-item e-loop-item-1359 post-1359 post type-post status-publish format-standard has-post-thumbnail hentry category-exhibitions\" data-elementor-post-type=\"elementor_library\" data-custom-edit-handle=\"1\">\n\t\t\t<div class=\"elementor-element elementor-element-d0ae4db e-flex e-con-boxed e-con e-parent\" data-id=\"d0ae4db\" data-element_type=\"container\">\n\t\t\t\t\t<div class=\"e-con-inner\">\n\t\t\t\t<div class=\"elementor-element elementor-element-2346b5f elementor-widget elementor-widget-theme-post-featured-image elementor-widget-image\" data-id=\"2346b5f\" data-element_type=\"widget\" data-widget_type=\"theme-post-featured-image.default\">\n\t\t\t\t<div class=\"elementor-widget-container\">\n\t\t\t\t\t\t\t\t\t\t\t\t\t\t\t\t<a href=\"https:\/\/nathalie.art\/fr\/selected-activities\/\">\n\t\t\t\t\t\t\t<img decoding=\"async\" src=\"https:\/\/nathalie.art\/site\/wp-content\/uploads\/elementor\/thumbs\/Art-Basel-nathalie-art-42-r5ie4y207rtlvjd1n1raifewd7msl6ncspv1fwjd7k.jpg\" title=\"Art-Basel-nathalie-art-42\" alt=\"Art-Basel-nathalie-art-42\" loading=\"lazy\" \/>\t\t\t\t\t\t\t\t<\/a>\n\t\t\t\t\t\t\t\t\t\t\t\t\t\t\t<\/div>\n\t\t\t\t<\/div>\n\t\t\t\t<div class=\"elementor-element elementor-element-718efee elementor-widget elementor-widget-theme-post-title elementor-page-title elementor-widget-heading\" data-id=\"718efee\" data-element_type=\"widget\" data-widget_type=\"theme-post-title.default\">\n\t\t\t\t<div class=\"elementor-widget-container\">\n\t\t\t\t\t<h2 class=\"elementor-heading-title elementor-size-default\"><a href=\"https:\/\/nathalie.art\/fr\/selected-activities\/\">Activit\u00e9s s\u00e9lectionn\u00e9es<\/a><\/h2>\t\t\t\t<\/div>\n\t\t\t\t<\/div>\n\t\t\t\t\t<\/div>\n\t\t\t\t<\/div>\n\t\t\t\t<\/div>\n\t\t\t\t<div data-elementor-type=\"loop-item\" data-elementor-id=\"3172\" class=\"elementor elementor-3172 e-loop-item e-loop-item-10627 post-10627 post type-post status-publish format-standard has-post-thumbnail hentry category-exhibitions tag-light\" data-elementor-post-type=\"elementor_library\" data-custom-edit-handle=\"1\">\n\t\t\t<div class=\"elementor-element elementor-element-d0ae4db e-flex e-con-boxed e-con e-parent\" data-id=\"d0ae4db\" data-element_type=\"container\">\n\t\t\t\t\t<div class=\"e-con-inner\">\n\t\t\t\t<div class=\"elementor-element elementor-element-2346b5f elementor-widget elementor-widget-theme-post-featured-image elementor-widget-image\" data-id=\"2346b5f\" data-element_type=\"widget\" data-widget_type=\"theme-post-featured-image.default\">\n\t\t\t\t<div class=\"elementor-widget-container\">\n\t\t\t\t\t\t\t\t\t\t\t\t\t\t\t\t<a href=\"https:\/\/nathalie.art\/fr\/special-projects\/\">\n\t\t\t\t\t\t\t<img decoding=\"async\" src=\"https:\/\/nathalie.art\/site\/wp-content\/uploads\/elementor\/thumbs\/h-dreams-hdreams-NatHalie-Braun-Barends-art-33-r5kfms3dpdrq9451tq401recgmnh9sfekds2h9j6ow.jpg\" title=\"h-dreams-hdreams-NatHalie-Braun-Barends-art-33\" alt=\"h-dreams-hdreams-NatHalie-Braun-Barends-art-33\" loading=\"lazy\" \/>\t\t\t\t\t\t\t\t<\/a>\n\t\t\t\t\t\t\t\t\t\t\t\t\t\t\t<\/div>\n\t\t\t\t<\/div>\n\t\t\t\t<div class=\"elementor-element elementor-element-718efee elementor-widget elementor-widget-theme-post-title elementor-page-title elementor-widget-heading\" data-id=\"718efee\" data-element_type=\"widget\" data-widget_type=\"theme-post-title.default\">\n\t\t\t\t<div class=\"elementor-widget-container\">\n\t\t\t\t\t<h2 class=\"elementor-heading-title elementor-size-default\"><a href=\"https:\/\/nathalie.art\/fr\/special-projects\/\">Projets sp\u00e9ciaux<\/a><\/h2>\t\t\t\t<\/div>\n\t\t\t\t<\/div>\n\t\t\t\t\t<\/div>\n\t\t\t\t<\/div>\n\t\t\t\t<\/div>\n\t\t\t\t<div data-elementor-type=\"loop-item\" data-elementor-id=\"3172\" class=\"elementor elementor-3172 e-loop-item e-loop-item-1523 post-1523 post type-post status-publish format-standard has-post-thumbnail hentry category-exhibitions tag-light\" data-elementor-post-type=\"elementor_library\" data-custom-edit-handle=\"1\">\n\t\t\t<div class=\"elementor-element elementor-element-d0ae4db e-flex e-con-boxed e-con e-parent\" data-id=\"d0ae4db\" data-element_type=\"container\">\n\t\t\t\t\t<div class=\"e-con-inner\">\n\t\t\t\t<div class=\"elementor-element elementor-element-2346b5f elementor-widget elementor-widget-theme-post-featured-image elementor-widget-image\" data-id=\"2346b5f\" data-element_type=\"widget\" data-widget_type=\"theme-post-featured-image.default\">\n\t\t\t\t<div class=\"elementor-widget-container\">\n\t\t\t\t\t\t\t\t\t\t\t\t\t\t\t\t<a href=\"https:\/\/nathalie.art\/fr\/lighting-projects\/\">\n\t\t\t\t\t\t\t<img decoding=\"async\" src=\"https:\/\/nathalie.art\/site\/wp-content\/uploads\/elementor\/thumbs\/nathalie-barends-light-2-PS1-Museum-2-r82ykmh0ayj2orm6nqk5p035ia7tfu0k5lfinb9k80.jpg\" title=\"nathalie-barends-light-2-PS1-Museum\" alt=\"nathalie-barends-light-2-PS1-Museum\" loading=\"lazy\" \/>\t\t\t\t\t\t\t\t<\/a>\n\t\t\t\t\t\t\t\t\t\t\t\t\t\t\t<\/div>\n\t\t\t\t<\/div>\n\t\t\t\t<div class=\"elementor-element elementor-element-718efee elementor-widget elementor-widget-theme-post-title elementor-page-title elementor-widget-heading\" data-id=\"718efee\" data-element_type=\"widget\" data-widget_type=\"theme-post-title.default\">\n\t\t\t\t<div class=\"elementor-widget-container\">\n\t\t\t\t\t<h2 class=\"elementor-heading-title elementor-size-default\"><a href=\"https:\/\/nathalie.art\/fr\/lighting-projects\/\">Projets d'\u00e9clairage<\/a><\/h2>\t\t\t\t<\/div>\n\t\t\t\t<\/div>\n\t\t\t\t\t<\/div>\n\t\t\t\t<\/div>\n\t\t\t\t<\/div>\n\t\t\t\t<div data-elementor-type=\"loop-item\" data-elementor-id=\"3172\" class=\"elementor elementor-3172 e-loop-item e-loop-item-1968 post-1968 post type-post status-publish format-standard has-post-thumbnail hentry category-exhibitions tag-background\" data-elementor-post-type=\"elementor_library\" data-custom-edit-handle=\"1\">\n\t\t\t<div class=\"elementor-element elementor-element-d0ae4db e-flex e-con-boxed e-con e-parent\" data-id=\"d0ae4db\" data-element_type=\"container\">\n\t\t\t\t\t<div class=\"e-con-inner\">\n\t\t\t\t<div class=\"elementor-element elementor-element-2346b5f elementor-widget elementor-widget-theme-post-featured-image elementor-widget-image\" data-id=\"2346b5f\" data-element_type=\"widget\" data-widget_type=\"theme-post-featured-image.default\">\n\t\t\t\t<div class=\"elementor-widget-container\">\n\t\t\t\t\t\t\t\t\t\t\t\t\t\t\t\t<a href=\"https:\/\/nathalie.art\/fr\/background\/\">\n\t\t\t\t\t\t\t<img decoding=\"async\" src=\"https:\/\/nathalie.art\/site\/wp-content\/uploads\/elementor\/thumbs\/video-7-nathalie-art-r5kbwbak0lp1dbgl0lnccoyh69f64klreu1gy8wotc.jpg\" title=\"video-7-nathalie-art\" alt=\"video-7-nathalie-art\" loading=\"lazy\" \/>\t\t\t\t\t\t\t\t<\/a>\n\t\t\t\t\t\t\t\t\t\t\t\t\t\t\t<\/div>\n\t\t\t\t<\/div>\n\t\t\t\t<div class=\"elementor-element elementor-element-718efee elementor-widget elementor-widget-theme-post-title elementor-page-title elementor-widget-heading\" data-id=\"718efee\" data-element_type=\"widget\" data-widget_type=\"theme-post-title.default\">\n\t\t\t\t<div class=\"elementor-widget-container\">\n\t\t\t\t\t<h2 class=\"elementor-heading-title elementor-size-default\"><a href=\"https:\/\/nathalie.art\/fr\/background\/\">Contexte<\/a><\/h2>\t\t\t\t<\/div>\n\t\t\t\t<\/div>\n\t\t\t\t\t<\/div>\n\t\t\t\t<\/div>\n\t\t\t\t<\/div>\n\t\t\t\t<\/div>\n\t\t\n\t\t\t\t\t\t<\/div>\n\t\t\t\t<\/div>\n\t\t\t\t\t<\/div>\n\t\t\t\t<\/div>\n\t\t\t\t<\/div>","protected":false},"excerpt":{"rendered":"<p>NatHalie Braun Barends NatHalie Braun Barends est n\u00e9e en Allemagne et a grandi principalement au Br\u00e9sil et au Chili. Les \u00e9tapes importantes de sa carri\u00e8re artistique se sont d\u00e9roul\u00e9es dans diff\u00e9rentes r\u00e9gions du monde. Elle a obtenu une ma\u00eetrise en communication et en art \u00e0 l'universit\u00e9 de Sao Paulo. Elle a \u00e9galement \u00e9tudi\u00e9 \u00e0 l'Instituto per l'Arte [...]<\/p>","protected":false},"author":5,"featured_media":3641,"parent":0,"menu_order":0,"comment_status":"closed","ping_status":"closed","template":"elementor_header_footer","meta":{"footnotes":""},"categories":[27],"tags":[],"class_list":["post-56","page","type-page","status-publish","has-post-thumbnail","hentry","category-bio"],"yoast_head":"<!-- This site is optimized with the Yoast SEO plugin v25.6 - https:\/\/yoast.com\/wordpress\/plugins\/seo\/ -->\n<title>NatHalie Braun Barends - NatHalie Braun Barends<\/title>\n<meta name=\"robots\" content=\"index, follow, max-snippet:-1, max-image-preview:large, max-video-preview:-1\" \/>\n<link rel=\"canonical\" href=\"https:\/\/nathalie.art\/fr\/nathalie-braun-barends\/\" \/>\n<meta property=\"og:locale\" content=\"fr_FR\" \/>\n<meta property=\"og:type\" content=\"article\" \/>\n<meta property=\"og:title\" content=\"NatHalie Braun Barends - NatHalie Braun Barends\" \/>\n<meta property=\"og:description\" content=\"NatHalie Braun Barends NatHalie Braun Barends was born in Germany and grew up primarily in Brazil and Chile. Significant stages of her artistic career have taken place in various regions of the world. She earned master&#8217;s degrees in communication and art from the University of Sao Paulo. She also studied at the Instituto per l&#8217;Arte [&hellip;]\" \/>\n<meta property=\"og:url\" content=\"https:\/\/nathalie.art\/fr\/nathalie-braun-barends\/\" \/>\n<meta property=\"og:site_name\" content=\"NatHalie Braun Barends\" \/>\n<meta property=\"article:modified_time\" content=\"2025-07-16T18:55:44+00:00\" \/>\n<meta property=\"og:image\" content=\"https:\/\/nathalie.art\/site\/wp-content\/uploads\/2025\/05\/nathalie-braun-barends-2.jpg\" \/>\n\t<meta property=\"og:image:width\" content=\"1355\" \/>\n\t<meta property=\"og:image:height\" content=\"900\" \/>\n\t<meta property=\"og:image:type\" content=\"image\/jpeg\" \/>\n<meta name=\"twitter:card\" content=\"summary_large_image\" \/>\n<meta name=\"twitter:label1\" content=\"Dur\u00e9e de lecture estim\u00e9e\" \/>\n\t<meta name=\"twitter:data1\" content=\"4 minutes\" \/>\n<script type=\"application\/ld+json\" class=\"yoast-schema-graph\">{\"@context\":\"https:\/\/schema.org\",\"@graph\":[{\"@type\":\"WebPage\",\"@id\":\"https:\/\/nathalie.art\/nathalie-braun-barends\/\",\"url\":\"https:\/\/nathalie.art\/nathalie-braun-barends\/\",\"name\":\"NatHalie Braun Barends - NatHalie Braun Barends\",\"isPartOf\":{\"@id\":\"https:\/\/nathalie.art\/#website\"},\"primaryImageOfPage\":{\"@id\":\"https:\/\/nathalie.art\/nathalie-braun-barends\/#primaryimage\"},\"image\":{\"@id\":\"https:\/\/nathalie.art\/nathalie-braun-barends\/#primaryimage\"},\"thumbnailUrl\":\"https:\/\/nathalie.art\/site\/wp-content\/uploads\/2025\/05\/nathalie-braun-barends-2.jpg\",\"datePublished\":\"2025-05-06T18:16:09+00:00\",\"dateModified\":\"2025-07-16T18:55:44+00:00\",\"breadcrumb\":{\"@id\":\"https:\/\/nathalie.art\/nathalie-braun-barends\/#breadcrumb\"},\"inLanguage\":\"fr-FR\",\"potentialAction\":[{\"@type\":\"ReadAction\",\"target\":[\"https:\/\/nathalie.art\/nathalie-braun-barends\/\"]}]},{\"@type\":\"ImageObject\",\"inLanguage\":\"fr-FR\",\"@id\":\"https:\/\/nathalie.art\/nathalie-braun-barends\/#primaryimage\",\"url\":\"https:\/\/nathalie.art\/site\/wp-content\/uploads\/2025\/05\/nathalie-braun-barends-2.jpg\",\"contentUrl\":\"https:\/\/nathalie.art\/site\/wp-content\/uploads\/2025\/05\/nathalie-braun-barends-2.jpg\",\"width\":1355,\"height\":900},{\"@type\":\"BreadcrumbList\",\"@id\":\"https:\/\/nathalie.art\/nathalie-braun-barends\/#breadcrumb\",\"itemListElement\":[{\"@type\":\"ListItem\",\"position\":1,\"name\":\"In\u00edcio\",\"item\":\"https:\/\/nathalie.art\/\"},{\"@type\":\"ListItem\",\"position\":2,\"name\":\"NatHalie Braun Barends\"}]},{\"@type\":\"WebSite\",\"@id\":\"https:\/\/nathalie.art\/#website\",\"url\":\"https:\/\/nathalie.art\/\",\"name\":\"NatHalie Braun Barends\",\"description\":\"ART\",\"publisher\":{\"@id\":\"https:\/\/nathalie.art\/#organization\"},\"potentialAction\":[{\"@type\":\"SearchAction\",\"target\":{\"@type\":\"EntryPoint\",\"urlTemplate\":\"https:\/\/nathalie.art\/?s={search_term_string}\"},\"query-input\":{\"@type\":\"PropertyValueSpecification\",\"valueRequired\":true,\"valueName\":\"search_term_string\"}}],\"inLanguage\":\"fr-FR\"},{\"@type\":\"Organization\",\"@id\":\"https:\/\/nathalie.art\/#organization\",\"name\":\"NatHalie Braun Barends\",\"url\":\"https:\/\/nathalie.art\/\",\"logo\":{\"@type\":\"ImageObject\",\"inLanguage\":\"fr-FR\",\"@id\":\"https:\/\/nathalie.art\/#\/schema\/logo\/image\/\",\"url\":\"https:\/\/nathalie.art\/site\/wp-content\/uploads\/2025\/07\/cropped-nathalie-home-270px-1.png\",\"contentUrl\":\"https:\/\/nathalie.art\/site\/wp-content\/uploads\/2025\/07\/cropped-nathalie-home-270px-1.png\",\"width\":270,\"height\":270,\"caption\":\"NatHalie Braun Barends\"},\"image\":{\"@id\":\"https:\/\/nathalie.art\/#\/schema\/logo\/image\/\"}}]}<\/script>\n<!-- \/ Yoast SEO plugin. -->","yoast_head_json":{"title":"NatHalie Braun Barends - NatHalie Braun Barends","robots":{"index":"index","follow":"follow","max-snippet":"max-snippet:-1","max-image-preview":"max-image-preview:large","max-video-preview":"max-video-preview:-1"},"canonical":"https:\/\/nathalie.art\/fr\/nathalie-braun-barends\/","og_locale":"fr_FR","og_type":"article","og_title":"NatHalie Braun Barends - NatHalie Braun Barends","og_description":"NatHalie Braun Barends NatHalie Braun Barends was born in Germany and grew up primarily in Brazil and Chile. Significant stages of her artistic career have taken place in various regions of the world. She earned master&#8217;s degrees in communication and art from the University of Sao Paulo. She also studied at the Instituto per l&#8217;Arte [&hellip;]","og_url":"https:\/\/nathalie.art\/fr\/nathalie-braun-barends\/","og_site_name":"NatHalie Braun Barends","article_modified_time":"2025-07-16T18:55:44+00:00","og_image":[{"width":1355,"height":900,"url":"https:\/\/nathalie.art\/site\/wp-content\/uploads\/2025\/05\/nathalie-braun-barends-2.jpg","type":"image\/jpeg"}],"twitter_card":"summary_large_image","twitter_misc":{"Dur\u00e9e de lecture estim\u00e9e":"4 minutes"},"schema":{"@context":"https:\/\/schema.org","@graph":[{"@type":"WebPage","@id":"https:\/\/nathalie.art\/nathalie-braun-barends\/","url":"https:\/\/nathalie.art\/nathalie-braun-barends\/","name":"NatHalie Braun Barends - NatHalie Braun Barends","isPartOf":{"@id":"https:\/\/nathalie.art\/#website"},"primaryImageOfPage":{"@id":"https:\/\/nathalie.art\/nathalie-braun-barends\/#primaryimage"},"image":{"@id":"https:\/\/nathalie.art\/nathalie-braun-barends\/#primaryimage"},"thumbnailUrl":"https:\/\/nathalie.art\/site\/wp-content\/uploads\/2025\/05\/nathalie-braun-barends-2.jpg","datePublished":"2025-05-06T18:16:09+00:00","dateModified":"2025-07-16T18:55:44+00:00","breadcrumb":{"@id":"https:\/\/nathalie.art\/nathalie-braun-barends\/#breadcrumb"},"inLanguage":"fr-FR","potentialAction":[{"@type":"ReadAction","target":["https:\/\/nathalie.art\/nathalie-braun-barends\/"]}]},{"@type":"ImageObject","inLanguage":"fr-FR","@id":"https:\/\/nathalie.art\/nathalie-braun-barends\/#primaryimage","url":"https:\/\/nathalie.art\/site\/wp-content\/uploads\/2025\/05\/nathalie-braun-barends-2.jpg","contentUrl":"https:\/\/nathalie.art\/site\/wp-content\/uploads\/2025\/05\/nathalie-braun-barends-2.jpg","width":1355,"height":900},{"@type":"BreadcrumbList","@id":"https:\/\/nathalie.art\/nathalie-braun-barends\/#breadcrumb","itemListElement":[{"@type":"ListItem","position":1,"name":"In\u00edcio","item":"https:\/\/nathalie.art\/"},{"@type":"ListItem","position":2,"name":"NatHalie Braun Barends"}]},{"@type":"WebSite","@id":"https:\/\/nathalie.art\/#website","url":"https:\/\/nathalie.art\/","name":"NatHalie Braun Barends","description":"ART","publisher":{"@id":"https:\/\/nathalie.art\/#organization"},"potentialAction":[{"@type":"SearchAction","target":{"@type":"EntryPoint","urlTemplate":"https:\/\/nathalie.art\/?s={search_term_string}"},"query-input":{"@type":"PropertyValueSpecification","valueRequired":true,"valueName":"search_term_string"}}],"inLanguage":"fr-FR"},{"@type":"Organization","@id":"https:\/\/nathalie.art\/#organization","name":"NatHalie Braun Barends","url":"https:\/\/nathalie.art\/","logo":{"@type":"ImageObject","inLanguage":"fr-FR","@id":"https:\/\/nathalie.art\/#\/schema\/logo\/image\/","url":"https:\/\/nathalie.art\/site\/wp-content\/uploads\/2025\/07\/cropped-nathalie-home-270px-1.png","contentUrl":"https:\/\/nathalie.art\/site\/wp-content\/uploads\/2025\/07\/cropped-nathalie-home-270px-1.png","width":270,"height":270,"caption":"NatHalie Braun Barends"},"image":{"@id":"https:\/\/nathalie.art\/#\/schema\/logo\/image\/"}}]}},"_links":{"self":[{"href":"https:\/\/nathalie.art\/fr\/wp-json\/wp\/v2\/pages\/56","targetHints":{"allow":["GET"]}}],"collection":[{"href":"https:\/\/nathalie.art\/fr\/wp-json\/wp\/v2\/pages"}],"about":[{"href":"https:\/\/nathalie.art\/fr\/wp-json\/wp\/v2\/types\/page"}],"author":[{"embeddable":true,"href":"https:\/\/nathalie.art\/fr\/wp-json\/wp\/v2\/users\/5"}],"replies":[{"embeddable":true,"href":"https:\/\/nathalie.art\/fr\/wp-json\/wp\/v2\/comments?post=56"}],"version-history":[{"count":0,"href":"https:\/\/nathalie.art\/fr\/wp-json\/wp\/v2\/pages\/56\/revisions"}],"wp:featuredmedia":[{"embeddable":true,"href":"https:\/\/nathalie.art\/fr\/wp-json\/wp\/v2\/media\/3641"}],"wp:attachment":[{"href":"https:\/\/nathalie.art\/fr\/wp-json\/wp\/v2\/media?parent=56"}],"wp:term":[{"taxonomy":"category","embeddable":true,"href":"https:\/\/nathalie.art\/fr\/wp-json\/wp\/v2\/categories?post=56"},{"taxonomy":"post_tag","embeddable":true,"href":"https:\/\/nathalie.art\/fr\/wp-json\/wp\/v2\/tags?post=56"}],"curies":[{"name":"wp","href":"https:\/\/api.w.org\/{rel}","templated":true}]}}