{"id":6241,"date":"2025-06-30T17:59:46","date_gmt":"2025-06-30T15:59:46","guid":{"rendered":"https:\/\/nathalie.art\/?page_id=6241"},"modified":"2025-07-18T22:21:32","modified_gmt":"2025-07-18T20:21:32","slug":"sitemap","status":"publish","type":"page","link":"https:\/\/nathalie.art\/fr\/sitemap\/","title":{"rendered":"Plan du site"},"content":{"rendered":"<div data-elementor-type=\"wp-page\" data-elementor-id=\"6241\" class=\"elementor elementor-6241\" data-elementor-post-type=\"page\">\n\t\t\t\t<div class=\"elementor-element elementor-element-cb6620d e-flex e-con-boxed e-con e-parent\" data-id=\"cb6620d\" data-element_type=\"container\">\n\t\t\t\t\t<div class=\"e-con-inner\">\n\t\t<div class=\"elementor-element elementor-element-b5d39d0 e-con-full e-flex e-con e-child\" data-id=\"b5d39d0\" data-element_type=\"container\">\n\t\t\t\t<div class=\"elementor-element elementor-element-2a4b444 elementor-widget elementor-widget-search\" data-id=\"2a4b444\" data-element_type=\"widget\" data-settings=\"{&quot;submit_trigger&quot;:&quot;both&quot;,&quot;pagination_type_options&quot;:&quot;numbers_previous_next&quot;,&quot;page_limit_settings&quot;:5}\" data-widget_type=\"search.default\">\n\t\t\t\t<div class=\"elementor-widget-container\">\n\t\t\t\t\t\t\t<search class=\"e-search hidden\" role=\"search\">\n\t\t\t<form class=\"e-search-form\" action=\"https:\/\/nathalie.art\/fr\/\" method=\"get\" data-trp-original-action=\"https:\/\/nathalie.art\/fr\">\n\n\t\t\t\t\n\t\t\t\t<label class=\"e-search-label\" for=\"search-2a4b444\">\n\t\t\t\t\t<span class=\"elementor-screen-only\">\n\t\t\t\t\t\tSearch\t\t\t\t\t<\/span>\n\t\t\t\t\t\t\t\t\t<\/label>\n\n\t\t\t\t<div class=\"e-search-input-wrapper\">\n\t\t\t\t\t<input id=\"search-2a4b444\" placeholder=\"Recherche...\" class=\"e-search-input\" type=\"search\" name=\"s\" value=\"\" autocomplete=\"off\" role=\"combobox\" aria-autocomplete=\"list\" aria-expanded=\"false\" aria-controls=\"results-2a4b444\" aria-haspopup=\"listbox\">\n\t\t\t\t\t<svg aria-hidden=\"true\" class=\"e-font-icon-svg e-fas-times\" viewbox=\"0 0 352 512\" xmlns=\"http:\/\/www.w3.org\/2000\/svg\"><path d=\"M242.72 256l100.07-100.07c12.28-12.28 12.28-32.19 0-44.48l-22.24-22.24c-12.28-12.28-32.19-12.28-44.48 0L176 189.28 75.93 89.21c-12.28-12.28-32.19-12.28-44.48 0L9.21 111.45c-12.28 12.28-12.28 32.19 0 44.48L109.28 256 9.21 356.07c-12.28 12.28-12.28 32.19 0 44.48l22.24 22.24c12.28 12.28 32.2 12.28 44.48 0L176 322.72l100.07 100.07c12.28 12.28 32.2 12.28 44.48 0l22.24-22.24c12.28-12.28 12.28-32.19 0-44.48L242.72 256z\"><\/path><\/svg>\t\t\t\t\t\t\t\t\t\t<output id=\"results-2a4b444\" class=\"e-search-results-container hide-loader\" aria-live=\"polite\" aria-atomic=\"true\" aria-label=\"Results for search\" tabindex=\"0\">\n\t\t\t\t\t\t<div class=\"e-search-results\"><\/div>\n\t\t\t\t\t\t\t\t\t\t\t<\/output>\n\t\t\t\t\t\t\t\t\t<\/div>\n\t\t\t\t\n\t\t\t\t\n\t\t\t\t<button class=\"e-search-submit\" type=\"submit\" aria-label=\"Search\">\n\t\t\t\t\t<svg aria-hidden=\"true\" class=\"e-font-icon-svg e-fas-search\" viewbox=\"0 0 512 512\" xmlns=\"http:\/\/www.w3.org\/2000\/svg\"><path d=\"M505 442.7L405.3 343c-4.5-4.5-10.6-7-17-7H372c27.6-35.3 44-79.7 44-128C416 93.1 322.9 0 208 0S0 93.1 0 208s93.1 208 208 208c48.3 0 92.7-16.4 128-44v16.3c0 6.4 2.5 12.5 7 17l99.7 99.7c9.4 9.4 24.6 9.4 33.9 0l28.3-28.3c9.4-9.4 9.4-24.6.1-34zM208 336c-70.7 0-128-57.2-128-128 0-70.7 57.2-128 128-128 70.7 0 128 57.2 128 128 0 70.7-57.2 128-128 128z\"><\/path><\/svg>\n\t\t\t\t\t\t\t\t\t<\/button>\n\t\t\t\t<input type=\"hidden\" name=\"e_search_props\" value=\"2a4b444-6241\">\n\t\t\t<input type=\"hidden\" name=\"trp-form-language\" value=\"fr\"\/><\/form>\n\t\t<\/search>\n\t\t\t\t\t\t<\/div>\n\t\t\t\t<\/div>\n\t\t\t\t<\/div>\n\t\t\t\t<div class=\"elementor-element elementor-element-b29b562 elementor-widget elementor-widget-heading\" data-id=\"b29b562\" data-element_type=\"widget\" data-widget_type=\"heading.default\">\n\t\t\t\t<div class=\"elementor-widget-container\">\n\t\t\t\t\t<h2 class=\"elementor-heading-title elementor-size-default\">Plan du site<\/h2>\t\t\t\t<\/div>\n\t\t\t\t<\/div>\n\t\t<div class=\"elementor-element elementor-element-5c0378f e-con-full e-flex e-con e-child\" data-id=\"5c0378f\" data-element_type=\"container\">\n\t\t<div class=\"elementor-element elementor-element-20ad43f e-con-full e-flex e-con e-child\" data-id=\"20ad43f\" data-element_type=\"container\">\n\t\t\t\t<div class=\"elementor-element elementor-element-5ee49f7 elementor-widget elementor-widget-shortcode\" data-id=\"5ee49f7\" data-element_type=\"widget\" data-widget_type=\"shortcode.default\">\n\t\t\t\t<div class=\"elementor-widget-container\">\n\t\t\t\t\t\t\t<div class=\"elementor-shortcode\"><div class=\"wsp-container\"><h2 class=\"wsp-categories-title\">Cat\u00e9gories<\/h2>\n<ul class=\"wsp-categories-list\">\n\t<li><a href=\"https:\/\/nathalie.art\/fr\/category\/art\/\">L'art<\/a><\/li>\n\t<li><a href=\"https:\/\/nathalie.art\/fr\/category\/bio\/\">Bio<\/a><\/li>\n\t<li><a href=\"https:\/\/nathalie.art\/fr\/category\/press\/books\/\">Livres<\/a><\/li>\n\t<li><a href=\"https:\/\/nathalie.art\/fr\/category\/exhibitions\/\">Expositions<\/a><\/li>\n\t<li><a href=\"https:\/\/nathalie.art\/fr\/category\/general\/\">G\u00e9n\u00e9ral<\/a><\/li>\n\t<li><a href=\"https:\/\/nathalie.art\/fr\/category\/h\/\">H<\/a><\/li>\n\t<li><a href=\"https:\/\/nathalie.art\/fr\/category\/h\/h-life\/\">H Vie<\/a><\/li>\n\t<li><a href=\"https:\/\/nathalie.art\/fr\/category\/h-publications\/\">H Publications<\/a><\/li>\n\t<li><a href=\"https:\/\/nathalie.art\/fr\/category\/press\/links\/\">Liens<\/a><\/li>\n\t<li><a href=\"https:\/\/nathalie.art\/fr\/category\/art\/paintings\/\">Peintures<\/a><\/li>\n\t<li><a href=\"https:\/\/nathalie.art\/fr\/category\/press\/\">Presse<\/a><\/li>\n\t<li><a href=\"https:\/\/nathalie.art\/fr\/category\/h\/thanks\/\">Remerciements<\/a><\/li>\n<\/ul>\n<\/div><\/div>\n\t\t\t\t\t\t<\/div>\n\t\t\t\t<\/div>\n\t\t\t\t<\/div>\n\t\t<div class=\"elementor-element elementor-element-5f19fa4 e-con-full e-flex e-con e-child\" data-id=\"5f19fa4\" data-element_type=\"container\">\n\t\t\t\t<div class=\"elementor-element elementor-element-78663a8 elementor-widget elementor-widget-shortcode\" data-id=\"78663a8\" data-element_type=\"widget\" data-widget_type=\"shortcode.default\">\n\t\t\t\t<div class=\"elementor-widget-container\">\n\t\t\t\t\t\t\t<div class=\"elementor-shortcode\"><div class=\"wsp-container\"><h2 class=\"wsp-posts-title\">Articles par cat\u00e9gorie<\/h2>\n<ul class=\"wsp-posts-list\">\n\t<li><strong class=\"wsp-category-title\">Cat\u00e9gorie\u00a0: <a href=\"https:\/\/nathalie.art\/fr\/category\/art\/\">L'art<\/a><\/strong>\n<ul class=\"wsp-posts-list\">\t\t<li class=\"wsp-post\"><a href=\"https:\/\/nathalie.art\/fr\/light-art-life\/\">Light Art Life<\/a><\/li>\n\t\t<li class=\"wsp-post\"><a href=\"https:\/\/nathalie.art\/fr\/discovering-identity\/\">D\u00e9couverte de l'identit\u00e9<\/a><\/li>\n\t\t<li class=\"wsp-post\"><a href=\"https:\/\/nathalie.art\/fr\/h-publications\/\">Publications<\/a><\/li>\n\t\t<li class=\"wsp-post\"><a href=\"https:\/\/nathalie.art\/fr\/pharadise\/\">PHaradise<\/a><\/li>\n\t\t<li class=\"wsp-post\"><a href=\"https:\/\/nathalie.art\/fr\/hhole\/\">HHole<\/a><\/li>\n\t\t<li class=\"wsp-post\"><a href=\"https:\/\/nathalie.art\/fr\/hmap\/\">HMap<\/a><\/li>\n\t\t<li class=\"wsp-post\"><a href=\"https:\/\/nathalie.art\/fr\/paintings\/\">Peintures<\/a><\/li>\n\t\t<li class=\"wsp-post\"><a href=\"https:\/\/nathalie.art\/fr\/objects\/\">Objets<\/a><\/li>\n\t\t<li class=\"wsp-post\"><a href=\"https:\/\/nathalie.art\/fr\/photography\/\">Photographie<\/a><\/li>\n\t\t<li class=\"wsp-post\"><a href=\"https:\/\/nathalie.art\/fr\/instalations\/\">Instalations<\/a><\/li>\n\t\t<li class=\"wsp-post\"><a href=\"https:\/\/nathalie.art\/fr\/architecture\/\">Architecture<\/a><\/li>\n\t\t<li class=\"wsp-post\"><a href=\"https:\/\/nathalie.art\/fr\/films\/\">Films<\/a><\/li>\n\t\t<li class=\"wsp-post\"><a href=\"https:\/\/nathalie.art\/fr\/light\/\">Lumi\u00e8re<\/a><\/li>\n\t\t<li class=\"wsp-post\"><a href=\"https:\/\/nathalie.art\/fr\/project\/\">Projet<\/a><\/li>\n\t<li><strong class=\"wsp-category-title\">Cat\u00e9gorie\u00a0: <a href=\"https:\/\/nathalie.art\/fr\/category\/art\/paintings\/\">Peintures<\/a><\/strong>\n<ul class=\"wsp-posts-list\">\t\t<li class=\"wsp-post\"><a href=\"https:\/\/nathalie.art\/fr\/catalogued-paintings\/\">Peintures catalogu\u00e9es<\/a><\/li>\n\t\t<li class=\"wsp-post\"><a href=\"https:\/\/nathalie.art\/fr\/paintings-on-canvas\/\">Peintures sur toile<\/a><\/li>\n\t\t<li class=\"wsp-post\"><a href=\"https:\/\/nathalie.art\/fr\/paintings-on-paper\/\">Peintures sur papier<\/a><\/li>\n\t\t<li class=\"wsp-post\"><a href=\"https:\/\/nathalie.art\/fr\/fluorescent\/\">Fluorescent<\/a><\/li>\n<\/ul><\/li>\n<\/ul><\/li>\n\t<li><strong class=\"wsp-category-title\">Cat\u00e9gorie\u00a0: <a href=\"https:\/\/nathalie.art\/fr\/category\/bio\/\">Bio<\/a><\/strong>\n<\/li>\n\t<li><strong class=\"wsp-category-title\">Cat\u00e9gorie\u00a0: <a href=\"https:\/\/nathalie.art\/fr\/category\/exhibitions\/\">Expositions<\/a><\/strong>\n<ul class=\"wsp-posts-list\">\t\t<li class=\"wsp-post\"><a href=\"https:\/\/nathalie.art\/fr\/selected-activities\/\">Activit\u00e9s s\u00e9lectionn\u00e9es<\/a><\/li>\n\t\t<li class=\"wsp-post\"><a href=\"https:\/\/nathalie.art\/fr\/special-projects\/\">Projets sp\u00e9ciaux<\/a><\/li>\n\t\t<li class=\"wsp-post\"><a href=\"https:\/\/nathalie.art\/fr\/lighting-projects\/\">Projets d'\u00e9clairage<\/a><\/li>\n\t\t<li class=\"wsp-post\"><a href=\"https:\/\/nathalie.art\/fr\/background\/\">Contexte<\/a><\/li>\n<\/ul><\/li>\n\t<li><strong class=\"wsp-category-title\">Cat\u00e9gorie\u00a0: <a href=\"https:\/\/nathalie.art\/fr\/category\/general\/\">G\u00e9n\u00e9ral<\/a><\/strong>\n<ul class=\"wsp-posts-list\">\t\t<li class=\"wsp-post\"><a href=\"https:\/\/nathalie.art\/fr\/h-photos-at-mam-bahia\/\">Photos H \u00e0 MAM Bahia<\/a><\/li>\n\t\t<li class=\"wsp-post\"><a href=\"https:\/\/nathalie.art\/fr\/art-basel-2007-switzerland\/\">Art Basel 2007, Suisse<\/a><\/li>\n\t\t<li class=\"wsp-post\"><a href=\"https:\/\/nathalie.art\/fr\/hdreams-project\/\">Projet HDreams<\/a><\/li>\n\t\t<li class=\"wsp-post\"><a href=\"https:\/\/nathalie.art\/fr\/guest-book\/\">Livre d'or<\/a><\/li>\n\t\t<li class=\"wsp-post\"><a href=\"https:\/\/nathalie.art\/fr\/austrian-cultural-center\/\">Centre culturel autrichien<\/a><\/li>\n<\/ul><\/li>\n\t<li><strong class=\"wsp-category-title\">Cat\u00e9gorie\u00a0: <a href=\"https:\/\/nathalie.art\/fr\/category\/h\/\">H<\/a><\/strong>\n<ul class=\"wsp-posts-list\">\t\t<li class=\"wsp-post\"><a href=\"https:\/\/nathalie.art\/fr\/videos\/\">Vid\u00e9os<\/a><\/li>\n\t\t<li class=\"wsp-post\"><a href=\"https:\/\/nathalie.art\/fr\/research\/\">Recherche<\/a><\/li>\n\t<li><strong class=\"wsp-category-title\">Cat\u00e9gorie\u00a0: <a href=\"https:\/\/nathalie.art\/fr\/category\/h\/h-life\/\">H Vie<\/a><\/strong>\n<ul class=\"wsp-posts-list\">\t\t<li class=\"wsp-post\"><a href=\"https:\/\/nathalie.art\/fr\/treuh-schwan\/\">TreuH ScHwan<\/a><\/li>\n\t\t<li class=\"wsp-post\"><a href=\"https:\/\/nathalie.art\/fr\/hbeing\/\">HBeing<\/a><\/li>\n\t\t<li class=\"wsp-post\"><a href=\"https:\/\/nathalie.art\/fr\/horient-ring\/\">Anneau HOrient<\/a><\/li>\n\t\t<li class=\"wsp-post\"><a href=\"https:\/\/nathalie.art\/fr\/the-desert-cloud\/\">Le nuage du d\u00e9sert<\/a><\/li>\n\t\t<li class=\"wsp-post\"><a href=\"https:\/\/nathalie.art\/fr\/social\/\">Social<\/a><\/li>\n\t\t<li class=\"wsp-post\"><a href=\"https:\/\/nathalie.art\/fr\/foundation\/\">Fondation<\/a><\/li>\n<\/ul><\/li>\n\t<li><strong class=\"wsp-category-title\">Cat\u00e9gorie\u00a0: <a href=\"https:\/\/nathalie.art\/fr\/category\/h\/thanks\/\">Remerciements<\/a><\/strong>\n<ul class=\"wsp-posts-list\">\t\t<li class=\"wsp-post\"><a href=\"https:\/\/nathalie.art\/fr\/sponsors\/\">Parrains<\/a><\/li>\n\t\t<li class=\"wsp-post\"><a href=\"https:\/\/nathalie.art\/fr\/incentivators\/\">Incitateurs<\/a><\/li>\n\t\t<li class=\"wsp-post\"><a href=\"https:\/\/nathalie.art\/fr\/collaborators\/\">Collaborateurs<\/a><\/li>\n\t\t<li class=\"wsp-post\"><a href=\"https:\/\/nathalie.art\/fr\/teachers\/\">Enseignants<\/a><\/li>\n<\/ul><\/li>\n<\/ul><\/li>\n\t<li><strong class=\"wsp-category-title\">Cat\u00e9gorie\u00a0: <a href=\"https:\/\/nathalie.art\/fr\/category\/h-publications\/\">H Publications<\/a><\/strong>\n<ul class=\"wsp-posts-list\">\t\t<li class=\"wsp-post\"><a href=\"https:\/\/nathalie.art\/fr\/catalogs\/\">Catalogues<\/a><\/li>\n<\/ul><\/li>\n\t<li><strong class=\"wsp-category-title\">Cat\u00e9gorie\u00a0: <a href=\"https:\/\/nathalie.art\/fr\/category\/press\/\">Presse<\/a><\/strong>\n<ul class=\"wsp-posts-list\">\t\t<li class=\"wsp-post\"><a href=\"https:\/\/nathalie.art\/fr\/magazines\/\">Magazines<\/a><\/li>\n\t\t<li class=\"wsp-post\"><a href=\"https:\/\/nathalie.art\/fr\/newspapers\/\">Journaux<\/a><\/li>\n\t\t<li class=\"wsp-post\"><a href=\"https:\/\/nathalie.art\/fr\/television\/\">T\u00e9l\u00e9vision<\/a><\/li>\n\t\t<li class=\"wsp-post\"><a href=\"https:\/\/nathalie.art\/fr\/internet\/\">Internet<\/a><\/li>\n\t<li><strong class=\"wsp-category-title\">Cat\u00e9gorie\u00a0: <a href=\"https:\/\/nathalie.art\/fr\/category\/press\/books\/\">Livres<\/a><\/strong>\n<ul class=\"wsp-posts-list\">\t\t<li class=\"wsp-post\"><a href=\"https:\/\/nathalie.art\/fr\/press-books\/\">Livres<\/a><\/li>\n\t\t<li class=\"wsp-post\"><a href=\"https:\/\/nathalie.art\/fr\/catalogues\/\">Catalogues<\/a><\/li>\n\t\t<li class=\"wsp-post\"><a href=\"https:\/\/nathalie.art\/fr\/invitations\/\">Invitations<\/a><\/li>\n<\/ul><\/li>\n\t<li><strong class=\"wsp-category-title\">Cat\u00e9gorie\u00a0: <a href=\"https:\/\/nathalie.art\/fr\/category\/press\/links\/\">Liens<\/a><\/strong>\n<ul class=\"wsp-posts-list\">\t\t<li class=\"wsp-post\"><a href=\"https:\/\/nathalie.art\/fr\/selected-press\/\">Presse s\u00e9lective<\/a><\/li>\n\t\t<li class=\"wsp-post\"><a href=\"https:\/\/nathalie.art\/fr\/rechnung-fur-katalogkonzeptes\/\">Rechnung f\u00fcr Katalogkonzeptes<\/a><\/li>\n\t\t<li class=\"wsp-post\"><a href=\"https:\/\/nathalie.art\/fr\/hhole-book-2015\/\">Livre HHole 2015<\/a><\/li>\n\t\t<li class=\"wsp-post\"><a href=\"https:\/\/nathalie.art\/fr\/justice-page\/\">Page de la justice<\/a><\/li>\n<\/ul><\/li>\n<\/ul><\/li>\n<\/ul>\n<\/div><\/div>\n\t\t\t\t\t\t<\/div>\n\t\t\t\t<\/div>\n\t\t\t\t<\/div>\n\t\t<div class=\"elementor-element elementor-element-0241f6f e-con-full e-flex e-con e-child\" data-id=\"0241f6f\" data-element_type=\"container\">\n\t\t\t\t<div class=\"elementor-element elementor-element-2b69c51 elementor-widget elementor-widget-shortcode\" data-id=\"2b69c51\" data-element_type=\"widget\" data-widget_type=\"shortcode.default\">\n\t\t\t\t<div class=\"elementor-widget-container\">\n\t\t\t\t\t\t\t<div class=\"elementor-shortcode\"><div class=\"wsp-container\"><h2 class=\"wsp-pages-title\">Pages<\/h2>\n<ul class=\"wsp-pages-list\">\n<li class=\"page_item page-item-59\"><a href=\"https:\/\/nathalie.art\/fr\/art\/\">L'art<\/a><\/li>\n<li class=\"page_item page-item-73\"><a href=\"https:\/\/nathalie.art\/fr\/contact\/\">Contact<\/a><\/li>\n<li class=\"page_item page-item-10685\"><a href=\"https:\/\/nathalie.art\/fr\/exhibitions\/\">Expositions<\/a><\/li>\n<li class=\"page_item page-item-6870\"><a href=\"https:\/\/nathalie.art\/fr\/h\/\">H<\/a><\/li>\n<li class=\"page_item page-item-60\"><a href=\"https:\/\/nathalie.art\/fr\/hlife\/\">HLife<\/a><\/li>\n<li class=\"page_item page-item-5576\"><a href=\"https:\/\/nathalie.art\/fr\/\">Accueil<\/a><\/li>\n<li class=\"page_item page-item-9646\"><a href=\"https:\/\/nathalie.art\/fr\/language\/\">Langue<\/a><\/li>\n<li class=\"page_item page-item-56\"><a href=\"https:\/\/nathalie.art\/fr\/nathalie-braun-barends\/\">NatHalie Braun Barends<\/a><\/li>\n<li class=\"page_item page-item-12\"><a href=\"https:\/\/nathalie.art\/fr\/nathalie-braun-barends-coming-soon\/\">NatHalie Braun Barends - Bient\u00f4t disponible !<\/a><\/li>\n<li class=\"page_item page-item-61\"><a href=\"https:\/\/nathalie.art\/fr\/press\/\">Presse<\/a><\/li>\n<li class=\"page_item page-item-6241\"><a href=\"https:\/\/nathalie.art\/fr\/sitemap\/\">Plan du site<\/a><\/li>\n<li class=\"page_item page-item-62\"><a href=\"https:\/\/nathalie.art\/fr\/thanks\/\">Remerciements<\/a><\/li>\n<\/ul>\n<\/div><\/div>\n\t\t\t\t\t\t<\/div>\n\t\t\t\t<\/div>\n\t\t\t\t<\/div>\n\t\t\t\t<\/div>\n\t\t\t\t\t<\/div>\n\t\t\t\t<\/div>\n\t\t\t\t<\/div>","protected":false},"excerpt":{"rendered":"<p>Rechercher le plan du site<\/p>","protected":false},"author":5,"featured_media":3211,"parent":0,"menu_order":0,"comment_status":"closed","ping_status":"closed","template":"elementor_header_footer","meta":{"footnotes":""},"categories":[27],"tags":[],"class_list":["post-6241","page","type-page","status-publish","has-post-thumbnail","hentry","category-bio"],"yoast_head":"<!-- This site is optimized with the Yoast SEO plugin v25.6 - https:\/\/yoast.com\/wordpress\/plugins\/seo\/ -->\n<title>Sitemap - NatHalie Braun Barends<\/title>\n<meta name=\"robots\" content=\"index, follow, max-snippet:-1, max-image-preview:large, max-video-preview:-1\" \/>\n<link rel=\"canonical\" href=\"https:\/\/nathalie.art\/fr\/sitemap\/\" \/>\n<meta property=\"og:locale\" content=\"fr_FR\" \/>\n<meta property=\"og:type\" content=\"article\" \/>\n<meta property=\"og:title\" content=\"Sitemap - NatHalie Braun Barends\" \/>\n<meta property=\"og:description\" content=\"Pesquisar Sitemap\" \/>\n<meta property=\"og:url\" content=\"https:\/\/nathalie.art\/fr\/sitemap\/\" \/>\n<meta property=\"og:site_name\" content=\"NatHalie Braun Barends\" \/>\n<meta property=\"article:modified_time\" content=\"2025-07-18T20:21:32+00:00\" \/>\n<meta property=\"og:image\" content=\"https:\/\/nathalie.art\/site\/wp-content\/uploads\/2025\/05\/paintings-nathalie-barends-4-1.jpg\" \/>\n\t<meta property=\"og:image:width\" content=\"1352\" \/>\n\t<meta property=\"og:image:height\" content=\"900\" \/>\n\t<meta property=\"og:image:type\" content=\"image\/jpeg\" \/>\n<meta name=\"twitter:card\" content=\"summary_large_image\" \/>\n<meta name=\"twitter:label1\" content=\"Dur\u00e9e de lecture estim\u00e9e\" \/>\n\t<meta name=\"twitter:data1\" content=\"1 minute\" \/>\n<script type=\"application\/ld+json\" class=\"yoast-schema-graph\">{\"@context\":\"https:\/\/schema.org\",\"@graph\":[{\"@type\":\"WebPage\",\"@id\":\"https:\/\/nathalie.art\/sitemap\/\",\"url\":\"https:\/\/nathalie.art\/sitemap\/\",\"name\":\"Sitemap - NatHalie Braun Barends\",\"isPartOf\":{\"@id\":\"https:\/\/nathalie.art\/#website\"},\"primaryImageOfPage\":{\"@id\":\"https:\/\/nathalie.art\/sitemap\/#primaryimage\"},\"image\":{\"@id\":\"https:\/\/nathalie.art\/sitemap\/#primaryimage\"},\"thumbnailUrl\":\"https:\/\/nathalie.art\/site\/wp-content\/uploads\/2025\/05\/paintings-nathalie-barends-4-1.jpg\",\"datePublished\":\"2025-06-30T15:59:46+00:00\",\"dateModified\":\"2025-07-18T20:21:32+00:00\",\"breadcrumb\":{\"@id\":\"https:\/\/nathalie.art\/sitemap\/#breadcrumb\"},\"inLanguage\":\"fr-FR\",\"potentialAction\":[{\"@type\":\"ReadAction\",\"target\":[\"https:\/\/nathalie.art\/sitemap\/\"]}]},{\"@type\":\"ImageObject\",\"inLanguage\":\"fr-FR\",\"@id\":\"https:\/\/nathalie.art\/sitemap\/#primaryimage\",\"url\":\"https:\/\/nathalie.art\/site\/wp-content\/uploads\/2025\/05\/paintings-nathalie-barends-4-1.jpg\",\"contentUrl\":\"https:\/\/nathalie.art\/site\/wp-content\/uploads\/2025\/05\/paintings-nathalie-barends-4-1.jpg\",\"width\":1352,\"height\":900},{\"@type\":\"BreadcrumbList\",\"@id\":\"https:\/\/nathalie.art\/sitemap\/#breadcrumb\",\"itemListElement\":[{\"@type\":\"ListItem\",\"position\":1,\"name\":\"In\u00edcio\",\"item\":\"https:\/\/nathalie.art\/\"},{\"@type\":\"ListItem\",\"position\":2,\"name\":\"Sitemap\"}]},{\"@type\":\"WebSite\",\"@id\":\"https:\/\/nathalie.art\/#website\",\"url\":\"https:\/\/nathalie.art\/\",\"name\":\"NatHalie Braun Barends\",\"description\":\"ART\",\"publisher\":{\"@id\":\"https:\/\/nathalie.art\/#organization\"},\"potentialAction\":[{\"@type\":\"SearchAction\",\"target\":{\"@type\":\"EntryPoint\",\"urlTemplate\":\"https:\/\/nathalie.art\/?s={search_term_string}\"},\"query-input\":{\"@type\":\"PropertyValueSpecification\",\"valueRequired\":true,\"valueName\":\"search_term_string\"}}],\"inLanguage\":\"fr-FR\"},{\"@type\":\"Organization\",\"@id\":\"https:\/\/nathalie.art\/#organization\",\"name\":\"NatHalie Braun Barends\",\"url\":\"https:\/\/nathalie.art\/\",\"logo\":{\"@type\":\"ImageObject\",\"inLanguage\":\"fr-FR\",\"@id\":\"https:\/\/nathalie.art\/#\/schema\/logo\/image\/\",\"url\":\"https:\/\/nathalie.art\/site\/wp-content\/uploads\/2025\/07\/cropped-nathalie-home-270px-1.png\",\"contentUrl\":\"https:\/\/nathalie.art\/site\/wp-content\/uploads\/2025\/07\/cropped-nathalie-home-270px-1.png\",\"width\":270,\"height\":270,\"caption\":\"NatHalie Braun Barends\"},\"image\":{\"@id\":\"https:\/\/nathalie.art\/#\/schema\/logo\/image\/\"}}]}<\/script>\n<!-- \/ Yoast SEO plugin. -->","yoast_head_json":{"title":"Sitemap - NatHalie Braun Barends","robots":{"index":"index","follow":"follow","max-snippet":"max-snippet:-1","max-image-preview":"max-image-preview:large","max-video-preview":"max-video-preview:-1"},"canonical":"https:\/\/nathalie.art\/fr\/sitemap\/","og_locale":"fr_FR","og_type":"article","og_title":"Sitemap - NatHalie Braun Barends","og_description":"Pesquisar Sitemap","og_url":"https:\/\/nathalie.art\/fr\/sitemap\/","og_site_name":"NatHalie Braun Barends","article_modified_time":"2025-07-18T20:21:32+00:00","og_image":[{"width":1352,"height":900,"url":"https:\/\/nathalie.art\/site\/wp-content\/uploads\/2025\/05\/paintings-nathalie-barends-4-1.jpg","type":"image\/jpeg"}],"twitter_card":"summary_large_image","twitter_misc":{"Dur\u00e9e de lecture estim\u00e9e":"1 minute"},"schema":{"@context":"https:\/\/schema.org","@graph":[{"@type":"WebPage","@id":"https:\/\/nathalie.art\/sitemap\/","url":"https:\/\/nathalie.art\/sitemap\/","name":"Sitemap - NatHalie Braun Barends","isPartOf":{"@id":"https:\/\/nathalie.art\/#website"},"primaryImageOfPage":{"@id":"https:\/\/nathalie.art\/sitemap\/#primaryimage"},"image":{"@id":"https:\/\/nathalie.art\/sitemap\/#primaryimage"},"thumbnailUrl":"https:\/\/nathalie.art\/site\/wp-content\/uploads\/2025\/05\/paintings-nathalie-barends-4-1.jpg","datePublished":"2025-06-30T15:59:46+00:00","dateModified":"2025-07-18T20:21:32+00:00","breadcrumb":{"@id":"https:\/\/nathalie.art\/sitemap\/#breadcrumb"},"inLanguage":"fr-FR","potentialAction":[{"@type":"ReadAction","target":["https:\/\/nathalie.art\/sitemap\/"]}]},{"@type":"ImageObject","inLanguage":"fr-FR","@id":"https:\/\/nathalie.art\/sitemap\/#primaryimage","url":"https:\/\/nathalie.art\/site\/wp-content\/uploads\/2025\/05\/paintings-nathalie-barends-4-1.jpg","contentUrl":"https:\/\/nathalie.art\/site\/wp-content\/uploads\/2025\/05\/paintings-nathalie-barends-4-1.jpg","width":1352,"height":900},{"@type":"BreadcrumbList","@id":"https:\/\/nathalie.art\/sitemap\/#breadcrumb","itemListElement":[{"@type":"ListItem","position":1,"name":"In\u00edcio","item":"https:\/\/nathalie.art\/"},{"@type":"ListItem","position":2,"name":"Sitemap"}]},{"@type":"WebSite","@id":"https:\/\/nathalie.art\/#website","url":"https:\/\/nathalie.art\/","name":"NatHalie Braun Barends","description":"ART","publisher":{"@id":"https:\/\/nathalie.art\/#organization"},"potentialAction":[{"@type":"SearchAction","target":{"@type":"EntryPoint","urlTemplate":"https:\/\/nathalie.art\/?s={search_term_string}"},"query-input":{"@type":"PropertyValueSpecification","valueRequired":true,"valueName":"search_term_string"}}],"inLanguage":"fr-FR"},{"@type":"Organization","@id":"https:\/\/nathalie.art\/#organization","name":"NatHalie Braun Barends","url":"https:\/\/nathalie.art\/","logo":{"@type":"ImageObject","inLanguage":"fr-FR","@id":"https:\/\/nathalie.art\/#\/schema\/logo\/image\/","url":"https:\/\/nathalie.art\/site\/wp-content\/uploads\/2025\/07\/cropped-nathalie-home-270px-1.png","contentUrl":"https:\/\/nathalie.art\/site\/wp-content\/uploads\/2025\/07\/cropped-nathalie-home-270px-1.png","width":270,"height":270,"caption":"NatHalie Braun Barends"},"image":{"@id":"https:\/\/nathalie.art\/#\/schema\/logo\/image\/"}}]}},"_links":{"self":[{"href":"https:\/\/nathalie.art\/fr\/wp-json\/wp\/v2\/pages\/6241","targetHints":{"allow":["GET"]}}],"collection":[{"href":"https:\/\/nathalie.art\/fr\/wp-json\/wp\/v2\/pages"}],"about":[{"href":"https:\/\/nathalie.art\/fr\/wp-json\/wp\/v2\/types\/page"}],"author":[{"embeddable":true,"href":"https:\/\/nathalie.art\/fr\/wp-json\/wp\/v2\/users\/5"}],"replies":[{"embeddable":true,"href":"https:\/\/nathalie.art\/fr\/wp-json\/wp\/v2\/comments?post=6241"}],"version-history":[{"count":0,"href":"https:\/\/nathalie.art\/fr\/wp-json\/wp\/v2\/pages\/6241\/revisions"}],"wp:featuredmedia":[{"embeddable":true,"href":"https:\/\/nathalie.art\/fr\/wp-json\/wp\/v2\/media\/3211"}],"wp:attachment":[{"href":"https:\/\/nathalie.art\/fr\/wp-json\/wp\/v2\/media?parent=6241"}],"wp:term":[{"taxonomy":"category","embeddable":true,"href":"https:\/\/nathalie.art\/fr\/wp-json\/wp\/v2\/categories?post=6241"},{"taxonomy":"post_tag","embeddable":true,"href":"https:\/\/nathalie.art\/fr\/wp-json\/wp\/v2\/tags?post=6241"}],"curies":[{"name":"wp","href":"https:\/\/api.w.org\/{rel}","templated":true}]}}